{"id":142,"date":"2023-01-03T11:27:53","date_gmt":"2023-01-03T10:27:53","guid":{"rendered":"https:\/\/nordlog.shop\/?post_type=product&#038;p=142"},"modified":"2023-01-03T11:41:52","modified_gmt":"2023-01-03T10:41:52","slug":"sauna-elektroofen-elektroofen-harvia-kclub","status":"publish","type":"product","link":"https:\/\/nordlog.shop\/?product=sauna-elektroofen-elektroofen-harvia-kclub","title":{"rendered":"SAUNA ELEKTROOFEN \/ ELEKTRO\u00d6FEN: HARVIA KCLUB"},"content":{"rendered":"<p>Die Sauna\u00f6fen Harvia Club geeignet f\u00fcr die mittelgro\u00dfen Saunas von 9m3 bis 16m3 und werden auf dem Boden platziert; einfach und leicht im Bedienen. Sie bestehen vollst\u00e4ndig aus rostfreiem Stahl, und sie besitzen die St\u00e4rke und Best\u00e4ndigkeit, die ihnen unter intensiver Nutzung abverlangt werden. Harvia Club \u2013 Sauna\u00f6fen werden mit dem separaten Steuerger\u00e4t Harvia Xenio CX170 bedient.<\/p>\n<h4>TECHNISCHE DATEN<\/h4>\n<table>\n<tbody>\n<tr>\n<th style=\"width: 453px;\">HARVIA CLUB Modell K11G<\/th>\n<th style=\"width: 314px;\"><\/th>\n<th style=\"width: 380px;\" rowspan=\"12\"><img decoding=\"async\" data-src=\"https:\/\/serwer1776944.home.pl\/ebay_listings\/_nordlog\/saunakota\/bilder\/harviaclub.jpg\" alt=\"\" src=\"data:image\/svg+xml;base64,PHN2ZyB3aWR0aD0iMSIgaGVpZ2h0PSIxIiB4bWxucz0iaHR0cDovL3d3dy53My5vcmcvMjAwMC9zdmciPjwvc3ZnPg==\" class=\"lazyload\" \/><\/th>\n<\/tr>\n<tr>\n<td style=\"width: 453px;\">Leistung kW<\/td>\n<td style=\"width: 314px; text-align: center;\">11<\/td>\n<\/tr>\n<tr>\n<td style=\"width: 453px;\">Saunakabine min \u2013 max m3<\/td>\n<td style=\"width: 314px; text-align: center;\">9 &#8211; 16<\/td>\n<\/tr>\n<tr>\n<td style=\"width: 453px;\">Netzspannung 3-Phase<\/td>\n<td style=\"width: 314px; text-align: center;\">400V 3N<\/td>\n<\/tr>\n<tr>\n<td style=\"width: 453px;\">Anschlusskabel mm2<\/td>\n<td style=\"width: 314px; text-align: center;\">5 x 4,0<\/td>\n<\/tr>\n<tr>\n<td style=\"width: 453px;\">Sicherung A<\/td>\n<td style=\"width: 314px; text-align: center;\">3 x 16<\/td>\n<\/tr>\n<tr>\n<td style=\"width: 453px;\">Masse: Breite mm<\/td>\n<td style=\"width: 314px; text-align: center;\">505<\/td>\n<\/tr>\n<tr>\n<td style=\"width: 453px;\">H\u00f6he mm<\/td>\n<td style=\"width: 314px; text-align: center;\">700<\/td>\n<\/tr>\n<tr>\n<td style=\"width: 453px;\">Tiefe mm<\/td>\n<td style=\"width: 314px; text-align: center;\">430<\/td>\n<\/tr>\n<tr>\n<td style=\"width: 453px;\">Gewicht kg<\/td>\n<td style=\"width: 314px; text-align: center;\">25<\/td>\n<\/tr>\n<tr>\n<td style=\"width: 453px;\">Steinkammer max kg<\/td>\n<td style=\"width: 314px; text-align: center;\">60<\/td>\n<\/tr>\n<tr>\n<td style=\"width: 453px;\">Steuerger\u00e4t<\/td>\n<td style=\"width: 314px; text-align: center;\">Xenio CX170<\/td>\n<\/tr>\n<\/tbody>\n<\/table>\n<p>Im Set enthalten: Ofen, Anschlusskabel, Steuerger\u00e4t HARVIA Xenio CX170 und Saunasteine.<\/p>\n","protected":false},"excerpt":{"rendered":"<p>Die Sauna\u00f6fen Harvia Club geeignet f\u00fcr die mittelgro\u00dfen Saunas von 9m3 bis 16m3 und werden auf dem Boden platziert; einfach und leicht im Bedienen. Sie bestehen vollst\u00e4ndig aus rostfreiem Stahl, und sie besitzen die St\u00e4rke und Best\u00e4ndigkeit, die ihnen unter intensiver Nutzung abverlangt werden. Harvia Club \u2013 Sauna\u00f6fen werden mit dem separaten Steuerger\u00e4t Harvia Xenio [&hellip;]<\/p>\n","protected":false},"featured_media":143,"comment_status":"open","ping_status":"closed","template":"","meta":{"_et_pb_use_builder":"","_et_pb_old_content":"","_et_gb_content_width":""},"product_brand":[],"product_cat":[15,45],"product_tag":[],"class_list":{"0":"post-142","1":"product","2":"type-product","3":"status-publish","4":"has-post-thumbnail","6":"product_cat-uncategorized","7":"product_cat-sauna-holzofen","9":"first","10":"instock","11":"shipping-taxable","12":"purchasable","13":"product-type-simple"},"yoast_head":"<!-- This site is optimized with the Yoast SEO plugin v26.8 - https:\/\/yoast.com\/product\/yoast-seo-wordpress\/ -->\n<title>SAUNA ELEKTROOFEN \/ ELEKTRO\u00d6FEN: HARVIA KCLUB - Nordlog Shop<\/title>\n<meta name=\"robots\" content=\"index, follow, max-snippet:-1, max-image-preview:large, max-video-preview:-1\" \/>\n<link rel=\"canonical\" href=\"https:\/\/nordlog.shop\/?product=sauna-elektroofen-elektroofen-harvia-kclub\" \/>\n<meta property=\"og:locale\" content=\"de_DE\" \/>\n<meta property=\"og:type\" content=\"article\" \/>\n<meta property=\"og:title\" content=\"SAUNA ELEKTROOFEN \/ ELEKTRO\u00d6FEN: HARVIA KCLUB - Nordlog Shop\" \/>\n<meta property=\"og:description\" content=\"Die Sauna\u00f6fen Harvia Club geeignet f\u00fcr die mittelgro\u00dfen Saunas von 9m3 bis 16m3 und werden auf dem Boden platziert; einfach und leicht im Bedienen. Sie bestehen vollst\u00e4ndig aus rostfreiem Stahl, und sie besitzen die St\u00e4rke und Best\u00e4ndigkeit, die ihnen unter intensiver Nutzung abverlangt werden. Harvia Club \u2013 Sauna\u00f6fen werden mit dem separaten Steuerger\u00e4t Harvia Xenio [&hellip;]\" \/>\n<meta property=\"og:url\" content=\"https:\/\/nordlog.shop\/?product=sauna-elektroofen-elektroofen-harvia-kclub\" \/>\n<meta property=\"og:site_name\" content=\"Nordlog Shop\" \/>\n<meta property=\"article:modified_time\" content=\"2023-01-03T10:41:52+00:00\" \/>\n<meta property=\"og:image\" content=\"https:\/\/nordlog.shop\/wp-content\/uploads\/2023\/01\/harviaclub.jpg\" \/>\n\t<meta property=\"og:image:width\" content=\"768\" \/>\n\t<meta property=\"og:image:height\" content=\"1024\" \/>\n\t<meta property=\"og:image:type\" content=\"image\/jpeg\" \/>\n<meta name=\"twitter:card\" content=\"summary_large_image\" \/>\n<meta name=\"twitter:label1\" content=\"Gesch\u00e4tzte Lesezeit\" \/>\n\t<meta name=\"twitter:data1\" content=\"1\u00a0Minute\" \/>\n<script type=\"application\/ld+json\" class=\"yoast-schema-graph\">{\"@context\":\"https:\/\/schema.org\",\"@graph\":[{\"@type\":\"WebPage\",\"@id\":\"https:\/\/nordlog.shop\/?product=sauna-elektroofen-elektroofen-harvia-kclub\",\"url\":\"https:\/\/nordlog.shop\/?product=sauna-elektroofen-elektroofen-harvia-kclub\",\"name\":\"SAUNA ELEKTROOFEN \/ ELEKTRO\u00d6FEN: HARVIA KCLUB - Nordlog Shop\",\"isPartOf\":{\"@id\":\"https:\/\/nordlog.shop\/#website\"},\"primaryImageOfPage\":{\"@id\":\"https:\/\/nordlog.shop\/?product=sauna-elektroofen-elektroofen-harvia-kclub#primaryimage\"},\"image\":{\"@id\":\"https:\/\/nordlog.shop\/?product=sauna-elektroofen-elektroofen-harvia-kclub#primaryimage\"},\"thumbnailUrl\":\"https:\/\/nordlog.shop\/wp-content\/uploads\/2023\/01\/harviaclub.jpg\",\"datePublished\":\"2023-01-03T10:27:53+00:00\",\"dateModified\":\"2023-01-03T10:41:52+00:00\",\"breadcrumb\":{\"@id\":\"https:\/\/nordlog.shop\/?product=sauna-elektroofen-elektroofen-harvia-kclub#breadcrumb\"},\"inLanguage\":\"de\",\"potentialAction\":[{\"@type\":\"ReadAction\",\"target\":[\"https:\/\/nordlog.shop\/?product=sauna-elektroofen-elektroofen-harvia-kclub\"]}]},{\"@type\":\"ImageObject\",\"inLanguage\":\"de\",\"@id\":\"https:\/\/nordlog.shop\/?product=sauna-elektroofen-elektroofen-harvia-kclub#primaryimage\",\"url\":\"https:\/\/nordlog.shop\/wp-content\/uploads\/2023\/01\/harviaclub.jpg\",\"contentUrl\":\"https:\/\/nordlog.shop\/wp-content\/uploads\/2023\/01\/harviaclub.jpg\",\"width\":768,\"height\":1024},{\"@type\":\"BreadcrumbList\",\"@id\":\"https:\/\/nordlog.shop\/?product=sauna-elektroofen-elektroofen-harvia-kclub#breadcrumb\",\"itemListElement\":[{\"@type\":\"ListItem\",\"position\":1,\"name\":\"Strona g\u0142\u00f3wna\",\"item\":\"https:\/\/nordlog.shop\/\"},{\"@type\":\"ListItem\",\"position\":2,\"name\":\"Shop\",\"item\":\"https:\/\/nordlog.shop\/?page_id=5\"},{\"@type\":\"ListItem\",\"position\":3,\"name\":\"SAUNA ELEKTROOFEN \/ ELEKTRO\u00d6FEN: HARVIA KCLUB\"}]},{\"@type\":\"WebSite\",\"@id\":\"https:\/\/nordlog.shop\/#website\",\"url\":\"https:\/\/nordlog.shop\/\",\"name\":\"Nordlog Shop\",\"description\":\"Nah an der Natur, nah bei dir selbst.\",\"potentialAction\":[{\"@type\":\"SearchAction\",\"target\":{\"@type\":\"EntryPoint\",\"urlTemplate\":\"https:\/\/nordlog.shop\/?s={search_term_string}\"},\"query-input\":{\"@type\":\"PropertyValueSpecification\",\"valueRequired\":true,\"valueName\":\"search_term_string\"}}],\"inLanguage\":\"de\"}]}<\/script>\n<!-- \/ Yoast SEO plugin. -->","yoast_head_json":{"title":"SAUNA ELEKTROOFEN \/ ELEKTRO\u00d6FEN: HARVIA KCLUB - Nordlog Shop","robots":{"index":"index","follow":"follow","max-snippet":"max-snippet:-1","max-image-preview":"max-image-preview:large","max-video-preview":"max-video-preview:-1"},"canonical":"https:\/\/nordlog.shop\/?product=sauna-elektroofen-elektroofen-harvia-kclub","og_locale":"de_DE","og_type":"article","og_title":"SAUNA ELEKTROOFEN \/ ELEKTRO\u00d6FEN: HARVIA KCLUB - Nordlog Shop","og_description":"Die Sauna\u00f6fen Harvia Club geeignet f\u00fcr die mittelgro\u00dfen Saunas von 9m3 bis 16m3 und werden auf dem Boden platziert; einfach und leicht im Bedienen. Sie bestehen vollst\u00e4ndig aus rostfreiem Stahl, und sie besitzen die St\u00e4rke und Best\u00e4ndigkeit, die ihnen unter intensiver Nutzung abverlangt werden. Harvia Club \u2013 Sauna\u00f6fen werden mit dem separaten Steuerger\u00e4t Harvia Xenio [&hellip;]","og_url":"https:\/\/nordlog.shop\/?product=sauna-elektroofen-elektroofen-harvia-kclub","og_site_name":"Nordlog Shop","article_modified_time":"2023-01-03T10:41:52+00:00","og_image":[{"width":768,"height":1024,"url":"https:\/\/nordlog.shop\/wp-content\/uploads\/2023\/01\/harviaclub.jpg","type":"image\/jpeg"}],"twitter_card":"summary_large_image","twitter_misc":{"Gesch\u00e4tzte Lesezeit":"1\u00a0Minute"},"schema":{"@context":"https:\/\/schema.org","@graph":[{"@type":"WebPage","@id":"https:\/\/nordlog.shop\/?product=sauna-elektroofen-elektroofen-harvia-kclub","url":"https:\/\/nordlog.shop\/?product=sauna-elektroofen-elektroofen-harvia-kclub","name":"SAUNA ELEKTROOFEN \/ ELEKTRO\u00d6FEN: HARVIA KCLUB - Nordlog Shop","isPartOf":{"@id":"https:\/\/nordlog.shop\/#website"},"primaryImageOfPage":{"@id":"https:\/\/nordlog.shop\/?product=sauna-elektroofen-elektroofen-harvia-kclub#primaryimage"},"image":{"@id":"https:\/\/nordlog.shop\/?product=sauna-elektroofen-elektroofen-harvia-kclub#primaryimage"},"thumbnailUrl":"https:\/\/nordlog.shop\/wp-content\/uploads\/2023\/01\/harviaclub.jpg","datePublished":"2023-01-03T10:27:53+00:00","dateModified":"2023-01-03T10:41:52+00:00","breadcrumb":{"@id":"https:\/\/nordlog.shop\/?product=sauna-elektroofen-elektroofen-harvia-kclub#breadcrumb"},"inLanguage":"de","potentialAction":[{"@type":"ReadAction","target":["https:\/\/nordlog.shop\/?product=sauna-elektroofen-elektroofen-harvia-kclub"]}]},{"@type":"ImageObject","inLanguage":"de","@id":"https:\/\/nordlog.shop\/?product=sauna-elektroofen-elektroofen-harvia-kclub#primaryimage","url":"https:\/\/nordlog.shop\/wp-content\/uploads\/2023\/01\/harviaclub.jpg","contentUrl":"https:\/\/nordlog.shop\/wp-content\/uploads\/2023\/01\/harviaclub.jpg","width":768,"height":1024},{"@type":"BreadcrumbList","@id":"https:\/\/nordlog.shop\/?product=sauna-elektroofen-elektroofen-harvia-kclub#breadcrumb","itemListElement":[{"@type":"ListItem","position":1,"name":"Strona g\u0142\u00f3wna","item":"https:\/\/nordlog.shop\/"},{"@type":"ListItem","position":2,"name":"Shop","item":"https:\/\/nordlog.shop\/?page_id=5"},{"@type":"ListItem","position":3,"name":"SAUNA ELEKTROOFEN \/ ELEKTRO\u00d6FEN: HARVIA KCLUB"}]},{"@type":"WebSite","@id":"https:\/\/nordlog.shop\/#website","url":"https:\/\/nordlog.shop\/","name":"Nordlog Shop","description":"Nah an der Natur, nah bei dir selbst.","potentialAction":[{"@type":"SearchAction","target":{"@type":"EntryPoint","urlTemplate":"https:\/\/nordlog.shop\/?s={search_term_string}"},"query-input":{"@type":"PropertyValueSpecification","valueRequired":true,"valueName":"search_term_string"}}],"inLanguage":"de"}]}},"_links":{"self":[{"href":"https:\/\/nordlog.shop\/index.php?rest_route=\/wp\/v2\/product\/142","targetHints":{"allow":["GET"]}}],"collection":[{"href":"https:\/\/nordlog.shop\/index.php?rest_route=\/wp\/v2\/product"}],"about":[{"href":"https:\/\/nordlog.shop\/index.php?rest_route=\/wp\/v2\/types\/product"}],"replies":[{"embeddable":true,"href":"https:\/\/nordlog.shop\/index.php?rest_route=%2Fwp%2Fv2%2Fcomments&post=142"}],"wp:featuredmedia":[{"embeddable":true,"href":"https:\/\/nordlog.shop\/index.php?rest_route=\/wp\/v2\/media\/143"}],"wp:attachment":[{"href":"https:\/\/nordlog.shop\/index.php?rest_route=%2Fwp%2Fv2%2Fmedia&parent=142"}],"wp:term":[{"taxonomy":"product_brand","embeddable":true,"href":"https:\/\/nordlog.shop\/index.php?rest_route=%2Fwp%2Fv2%2Fproduct_brand&post=142"},{"taxonomy":"product_cat","embeddable":true,"href":"https:\/\/nordlog.shop\/index.php?rest_route=%2Fwp%2Fv2%2Fproduct_cat&post=142"},{"taxonomy":"product_tag","embeddable":true,"href":"https:\/\/nordlog.shop\/index.php?rest_route=%2Fwp%2Fv2%2Fproduct_tag&post=142"}],"curies":[{"name":"wp","href":"https:\/\/api.w.org\/{rel}","templated":true}]}}